{"id":17,"date":"2020-05-27T15:36:42","date_gmt":"2020-05-27T13:36:42","guid":{"rendered":"http:\/\/www.la-grangette.eu\/?page_id=17"},"modified":"2020-06-18T19:51:38","modified_gmt":"2020-06-18T17:51:38","slug":"la-grange-dort","status":"publish","type":"page","link":"https:\/\/www.la-grangette.eu\/index.php\/la-grange-dort\/","title":{"rendered":"La Grange Dort"},"content":{"rendered":"\n<p>Dans un bel espace de l&rsquo;ancienne grange r\u00e9nov\u00e9e, pour 2 \u00e0 3 personnes avec salle d&rsquo;eau et wc privatifs<\/p>\n\n\n\n<figure class=\"wp-block-gallery columns-2 is-cropped wp-block-gallery-1 is-layout-flex wp-block-gallery-is-layout-flex\"><ul class=\"blocks-gallery-grid\"><li class=\"blocks-gallery-item\"><figure><img loading=\"lazy\" decoding=\"async\" width=\"1024\" height=\"683\" src=\"https:\/\/www.la-grangette.eu\/wp-content\/uploads\/2020\/05\/120651-4-1024x683.jpg\" alt=\"\" data-id=\"15\" data-full-url=\"https:\/\/www.la-grangette.eu\/wp-content\/uploads\/2020\/05\/120651-4.jpg\" data-link=\"https:\/\/www.la-grangette.eu\/120651-4\/\" class=\"wp-image-15\" srcset=\"https:\/\/www.la-grangette.eu\/wp-content\/uploads\/2020\/05\/120651-4-1024x683.jpg 1024w, https:\/\/www.la-grangette.eu\/wp-content\/uploads\/2020\/05\/120651-4-300x200.jpg 300w, https:\/\/www.la-grangette.eu\/wp-content\/uploads\/2020\/05\/120651-4-768x512.jpg 768w, https:\/\/www.la-grangette.eu\/wp-content\/uploads\/2020\/05\/120651-4-1536x1024.jpg 1536w, https:\/\/www.la-grangette.eu\/wp-content\/uploads\/2020\/05\/120651-4-1140x760.jpg 1140w, https:\/\/www.la-grangette.eu\/wp-content\/uploads\/2020\/05\/120651-4.jpg 1620w\" sizes=\"(max-width: 1024px) 100vw, 1024px\" \/><\/figure><\/li><li class=\"blocks-gallery-item\"><figure><img loading=\"lazy\" decoding=\"async\" width=\"768\" height=\"1024\" src=\"https:\/\/www.la-grangette.eu\/wp-content\/uploads\/2020\/05\/Photo-grangette-007-768x1024.jpg\" alt=\"\" data-id=\"57\" data-full-url=\"https:\/\/www.la-grangette.eu\/wp-content\/uploads\/2020\/05\/Photo-grangette-007.jpg\" data-link=\"https:\/\/www.la-grangette.eu\/index.php\/la-grange-dort\/m3391m-1011-2\/\" class=\"wp-image-57\" srcset=\"https:\/\/www.la-grangette.eu\/wp-content\/uploads\/2020\/05\/Photo-grangette-007-768x1024.jpg 768w, https:\/\/www.la-grangette.eu\/wp-content\/uploads\/2020\/05\/Photo-grangette-007-225x300.jpg 225w, https:\/\/www.la-grangette.eu\/wp-content\/uploads\/2020\/05\/Photo-grangette-007-1152x1536.jpg 1152w, https:\/\/www.la-grangette.eu\/wp-content\/uploads\/2020\/05\/Photo-grangette-007-1140x1520.jpg 1140w, https:\/\/www.la-grangette.eu\/wp-content\/uploads\/2020\/05\/Photo-grangette-007.jpg 1536w\" sizes=\"(max-width: 768px) 100vw, 768px\" \/><\/figure><\/li><\/ul><\/figure>\n\n\n\n<p>\u00ab\u00a0La Grange Dort\u00a0\u00bb, est une chambre d&rsquo;h\u00f4te class\u00e9e 3 \u00e9pis et se situe au 1er \u00e9tage.<br><br>Elle est \u00e9quip\u00e9e de deux lits (160X200 et 90X190)<\/p>\n","protected":false},"excerpt":{"rendered":"<p>Dans un bel espace de l&rsquo;ancienne grange r\u00e9nov\u00e9e, pour 2 \u00e0 3 personnes avec salle d&rsquo;eau et wc privatifs \u00ab\u00a0La Grange Dort\u00a0\u00bb, est une chambre d&rsquo;h\u00f4te class\u00e9e 3 \u00e9pis et se situe au 1er \u00e9tage. Elle est \u00e9quip\u00e9e de deux lits (160X200 et 90X190)<\/p>\n","protected":false},"author":1,"featured_media":18,"parent":0,"menu_order":0,"comment_status":"closed","ping_status":"closed","template":"","meta":{"footnotes":""},"_links":{"self":[{"href":"https:\/\/www.la-grangette.eu\/index.php\/wp-json\/wp\/v2\/pages\/17"}],"collection":[{"href":"https:\/\/www.la-grangette.eu\/index.php\/wp-json\/wp\/v2\/pages"}],"about":[{"href":"https:\/\/www.la-grangette.eu\/index.php\/wp-json\/wp\/v2\/types\/page"}],"author":[{"embeddable":true,"href":"https:\/\/www.la-grangette.eu\/index.php\/wp-json\/wp\/v2\/users\/1"}],"replies":[{"embeddable":true,"href":"https:\/\/www.la-grangette.eu\/index.php\/wp-json\/wp\/v2\/comments?post=17"}],"version-history":[{"count":6,"href":"https:\/\/www.la-grangette.eu\/index.php\/wp-json\/wp\/v2\/pages\/17\/revisions"}],"predecessor-version":[{"id":160,"href":"https:\/\/www.la-grangette.eu\/index.php\/wp-json\/wp\/v2\/pages\/17\/revisions\/160"}],"wp:featuredmedia":[{"embeddable":true,"href":"https:\/\/www.la-grangette.eu\/index.php\/wp-json\/wp\/v2\/media\/18"}],"wp:attachment":[{"href":"https:\/\/www.la-grangette.eu\/index.php\/wp-json\/wp\/v2\/media?parent=17"}],"curies":[{"name":"wp","href":"https:\/\/api.w.org\/{rel}","templated":true}]}}