{"id":20,"date":"2020-05-27T15:36:42","date_gmt":"2020-05-27T13:36:42","guid":{"rendered":"http:\/\/www.la-grangette.eu\/?page_id=20"},"modified":"2020-06-18T19:44:27","modified_gmt":"2020-06-18T17:44:27","slug":"la-clairiere","status":"publish","type":"page","link":"https:\/\/www.la-grangette.eu\/index.php\/la-clairiere\/","title":{"rendered":"La Clairi\u00e8re"},"content":{"rendered":"\n<p>Ambiance chalet pour cette chambre de 2 \u00e0 3 personnes avec salle d&rsquo;eau et wc privatifs.<br>La clairi\u00e8re est une chambre d&rsquo;h\u00f4tes class\u00e9e 3 \u00e9pis et se situe au 1er \u00e9tage.<br>Elle est \u00e9quip\u00e9e de deux lits ( 140&#215;200 et 90&#215;190).<\/p>\n\n\n\n<figure class=\"wp-block-gallery columns-2 is-cropped wp-block-gallery-1 is-layout-flex wp-block-gallery-is-layout-flex\"><ul class=\"blocks-gallery-grid\"><li class=\"blocks-gallery-item\"><figure><img loading=\"lazy\" decoding=\"async\" width=\"250\" height=\"188\" src=\"https:\/\/www.la-grangette.eu\/wp-content\/uploads\/2020\/05\/Clairiere2.jpg\" alt=\"\" data-id=\"10\" data-full-url=\"https:\/\/www.la-grangette.eu\/wp-content\/uploads\/2020\/05\/Clairiere2.jpg\" data-link=\"https:\/\/www.la-grangette.eu\/clairiere2\/\" class=\"wp-image-10\"\/><\/figure><\/li><li class=\"blocks-gallery-item\"><figure><img loading=\"lazy\" decoding=\"async\" width=\"250\" height=\"188\" src=\"https:\/\/www.la-grangette.eu\/wp-content\/uploads\/2020\/05\/Clairiere1.jpg\" alt=\"\" data-id=\"9\" data-full-url=\"https:\/\/www.la-grangette.eu\/wp-content\/uploads\/2020\/05\/Clairiere1.jpg\" data-link=\"https:\/\/www.la-grangette.eu\/clairiere1\/\" class=\"wp-image-9\"\/><\/figure><\/li><\/ul><\/figure>\n","protected":false},"excerpt":{"rendered":"<p>Ambiance chalet pour cette chambre de 2 \u00e0 3 personnes avec salle d&rsquo;eau et wc privatifs.La clairi\u00e8re est une chambre d&rsquo;h\u00f4tes class\u00e9e 3 \u00e9pis et se situe au 1er \u00e9tage.Elle est \u00e9quip\u00e9e de deux lits ( 140&#215;200 et 90&#215;190).<\/p>\n","protected":false},"author":1,"featured_media":21,"parent":0,"menu_order":0,"comment_status":"closed","ping_status":"closed","template":"","meta":{"footnotes":""},"_links":{"self":[{"href":"https:\/\/www.la-grangette.eu\/index.php\/wp-json\/wp\/v2\/pages\/20"}],"collection":[{"href":"https:\/\/www.la-grangette.eu\/index.php\/wp-json\/wp\/v2\/pages"}],"about":[{"href":"https:\/\/www.la-grangette.eu\/index.php\/wp-json\/wp\/v2\/types\/page"}],"author":[{"embeddable":true,"href":"https:\/\/www.la-grangette.eu\/index.php\/wp-json\/wp\/v2\/users\/1"}],"replies":[{"embeddable":true,"href":"https:\/\/www.la-grangette.eu\/index.php\/wp-json\/wp\/v2\/comments?post=20"}],"version-history":[{"count":3,"href":"https:\/\/www.la-grangette.eu\/index.php\/wp-json\/wp\/v2\/pages\/20\/revisions"}],"predecessor-version":[{"id":159,"href":"https:\/\/www.la-grangette.eu\/index.php\/wp-json\/wp\/v2\/pages\/20\/revisions\/159"}],"wp:featuredmedia":[{"embeddable":true,"href":"https:\/\/www.la-grangette.eu\/index.php\/wp-json\/wp\/v2\/media\/21"}],"wp:attachment":[{"href":"https:\/\/www.la-grangette.eu\/index.php\/wp-json\/wp\/v2\/media?parent=20"}],"curies":[{"name":"wp","href":"https:\/\/api.w.org\/{rel}","templated":true}]}}