{"id":43,"date":"2020-05-27T16:28:20","date_gmt":"2020-05-27T14:28:20","guid":{"rendered":"http:\/\/www.la-grangette.eu\/?page_id=43"},"modified":"2020-06-18T19:52:48","modified_gmt":"2020-06-18T17:52:48","slug":"la-grangette","status":"publish","type":"page","link":"https:\/\/www.la-grangette.eu\/index.php\/la-grangette\/","title":{"rendered":"La Grangette"},"content":{"rendered":"\n<p>La Grangette, chambres d&rsquo;hotes 3 \u00e9pis en Haute Savoie est une ferme r\u00e9nov\u00e9e dans le calme du plateau des Bornes :<\/p>\n\n\n\n<figure class=\"wp-block-image size-large\"><img loading=\"lazy\" decoding=\"async\" width=\"1024\" height=\"680\" src=\"https:\/\/www.la-grangette.eu\/wp-content\/uploads\/2020\/05\/DSC_9455-1024x680.jpg\" alt=\"\" class=\"wp-image-46\" srcset=\"https:\/\/www.la-grangette.eu\/wp-content\/uploads\/2020\/05\/DSC_9455-1024x680.jpg 1024w, https:\/\/www.la-grangette.eu\/wp-content\/uploads\/2020\/05\/DSC_9455-300x199.jpg 300w, https:\/\/www.la-grangette.eu\/wp-content\/uploads\/2020\/05\/DSC_9455-768x510.jpg 768w, https:\/\/www.la-grangette.eu\/wp-content\/uploads\/2020\/05\/DSC_9455-1536x1020.jpg 1536w, https:\/\/www.la-grangette.eu\/wp-content\/uploads\/2020\/05\/DSC_9455-2048x1360.jpg 2048w, https:\/\/www.la-grangette.eu\/wp-content\/uploads\/2020\/05\/DSC_9455-1140x757.jpg 1140w\" sizes=\"(max-width: 1024px) 100vw, 1024px\" \/><\/figure>\n\n\n\n<p>Dans une campagne pr\u00e9serv\u00e9e, \u00e0 930 m d&rsquo;altitude , Bernadette vous accueille dans une ancienne ferme r\u00e9nov\u00e9e, et vous propose ses chambres d&rsquo;h\u00f4tes pour un s\u00e9jour ou une \u00e9tape dans le calme et la tranquillit\u00e9 sur le plateau des Bornes.<\/p>\n","protected":false},"excerpt":{"rendered":"<p>La Grangette, chambres d&rsquo;hotes 3 \u00e9pis en Haute Savoie est une ferme r\u00e9nov\u00e9e dans le calme du plateau des Bornes : Dans une campagne pr\u00e9serv\u00e9e, \u00e0 930 m d&rsquo;altitude , Bernadette vous accueille dans une ancienne ferme r\u00e9nov\u00e9e, et vous propose ses chambres d&rsquo;h\u00f4tes pour un s\u00e9jour ou une \u00e9tape dans le calme et la tranquillit\u00e9 sur le plateau des Bornes.<\/p>\n","protected":false},"author":1,"featured_media":0,"parent":0,"menu_order":0,"comment_status":"closed","ping_status":"closed","template":"","meta":{"footnotes":""},"_links":{"self":[{"href":"https:\/\/www.la-grangette.eu\/index.php\/wp-json\/wp\/v2\/pages\/43"}],"collection":[{"href":"https:\/\/www.la-grangette.eu\/index.php\/wp-json\/wp\/v2\/pages"}],"about":[{"href":"https:\/\/www.la-grangette.eu\/index.php\/wp-json\/wp\/v2\/types\/page"}],"author":[{"embeddable":true,"href":"https:\/\/www.la-grangette.eu\/index.php\/wp-json\/wp\/v2\/users\/1"}],"replies":[{"embeddable":true,"href":"https:\/\/www.la-grangette.eu\/index.php\/wp-json\/wp\/v2\/comments?post=43"}],"version-history":[{"count":5,"href":"https:\/\/www.la-grangette.eu\/index.php\/wp-json\/wp\/v2\/pages\/43\/revisions"}],"predecessor-version":[{"id":161,"href":"https:\/\/www.la-grangette.eu\/index.php\/wp-json\/wp\/v2\/pages\/43\/revisions\/161"}],"wp:attachment":[{"href":"https:\/\/www.la-grangette.eu\/index.php\/wp-json\/wp\/v2\/media?parent=43"}],"curies":[{"name":"wp","href":"https:\/\/api.w.org\/{rel}","templated":true}]}}