{"id":58,"date":"2020-05-27T16:40:34","date_gmt":"2020-05-27T14:40:34","guid":{"rendered":"http:\/\/www.la-grangette.eu\/?page_id=58"},"modified":"2025-12-08T18:39:50","modified_gmt":"2025-12-08T17:39:50","slug":"les-tarifs","status":"publish","type":"page","link":"https:\/\/www.la-grangette.eu\/index.php\/les-tarifs\/","title":{"rendered":"Les tarifs"},"content":{"rendered":"\n<figure class=\"wp-block-table\"><table><tbody><tr><td><\/td><td class=\"has-text-align-center\" data-align=\"center\">La  Grange Dort<\/td><td class=\"has-text-align-center\" data-align=\"center\">La Clairi\u00e8re<\/td><\/tr><tr><td>1 personne<\/td><td class=\"has-text-align-center\" data-align=\"center\">75\u20ac<\/td><td class=\"has-text-align-center\" data-align=\"center\">57\u20ac<\/td><\/tr><tr><td>2 personnes<\/td><td class=\"has-text-align-center\" data-align=\"center\">75\u20ac<\/td><td class=\"has-text-align-center\" data-align=\"center\">75\u20ac<\/td><\/tr><tr><td>3 personnes<\/td><td class=\"has-text-align-center\" data-align=\"center\">95\u20ac<\/td><td class=\"has-text-align-center\" data-align=\"center\">92\u20ac<\/td><\/tr><\/tbody><\/table><\/figure>\n\n\n\n<pre class=\"wp-block-verse has-text-align-center\"><em>   Petits-d\u00e9jeuners compris<\/em><br><em>Tarifs valable jusqu'au 30 septembre 2026<\/em><\/pre>\n\n\n\n<p> ________<\/p>\n\n\n\n<p><mark style=\"background-color:rgba(0, 0, 0, 0)\" class=\"has-inline-color has-very-dark-gray-color\">TARIF D\u00c9GRESSIF A PARTIR DE&nbsp; 3 NUITS<\/mark><br>&nbsp;<br>Taxe de s\u00e9jour: 0.80\u20ac par jour et par adulte.<br>gratuit pour les enfant de moins de 2 ans.<br>&nbsp;<br>Personne adulte suppl\u00e9mentaire : 20 \u20ac<br>Enfant de moins de 16 ans suppl\u00e9mentaire: 15 \u20ac<br>&nbsp;<br>Possibilit\u00e9 de location en meubl\u00e9 en p\u00e9riode creuse, pour les tarifs, me contacter.<br>Paiements accept\u00e9s: esp\u00e8ce, ch\u00e8que bancaire et ch\u00e8que-vacances.<br>Pour les acomptes : ch\u00e8que ou virement bancaire et&nbsp; paypal<\/p>\n","protected":false},"excerpt":{"rendered":"<p>La Grange Dort La Clairi\u00e8re 1 personne 75\u20ac 57\u20ac 2 personnes 75\u20ac 75\u20ac 3 personnes 95\u20ac 92\u20ac Petits-d\u00e9jeuners comprisTarifs valable jusqu&rsquo;au 30 septembre 2026 ________ TARIF D\u00c9GRESSIF A PARTIR DE&nbsp; 3 NUITS&nbsp;Taxe de s\u00e9jour: 0.80\u20ac par jour et par adulte.gratuit pour les enfant de moins de 2 ans.&nbsp;Personne adulte suppl\u00e9mentaire : 20 \u20acEnfant de moins de 16 ans suppl\u00e9mentaire: 15 \u20ac&nbsp;Possibilit\u00e9 de location en meubl\u00e9 en p\u00e9riode creuse, pour les tarifs, me contacter.Paiements accept\u00e9s: esp\u00e8ce, ch\u00e8que bancaire et ch\u00e8que-vacances.Pour les acomptes : ch\u00e8que ou virement bancaire et&nbsp; paypal<\/p>\n","protected":false},"author":1,"featured_media":0,"parent":0,"menu_order":0,"comment_status":"closed","ping_status":"closed","template":"","meta":{"footnotes":""},"_links":{"self":[{"href":"https:\/\/www.la-grangette.eu\/index.php\/wp-json\/wp\/v2\/pages\/58"}],"collection":[{"href":"https:\/\/www.la-grangette.eu\/index.php\/wp-json\/wp\/v2\/pages"}],"about":[{"href":"https:\/\/www.la-grangette.eu\/index.php\/wp-json\/wp\/v2\/types\/page"}],"author":[{"embeddable":true,"href":"https:\/\/www.la-grangette.eu\/index.php\/wp-json\/wp\/v2\/users\/1"}],"replies":[{"embeddable":true,"href":"https:\/\/www.la-grangette.eu\/index.php\/wp-json\/wp\/v2\/comments?post=58"}],"version-history":[{"count":10,"href":"https:\/\/www.la-grangette.eu\/index.php\/wp-json\/wp\/v2\/pages\/58\/revisions"}],"predecessor-version":[{"id":181,"href":"https:\/\/www.la-grangette.eu\/index.php\/wp-json\/wp\/v2\/pages\/58\/revisions\/181"}],"wp:attachment":[{"href":"https:\/\/www.la-grangette.eu\/index.php\/wp-json\/wp\/v2\/media?parent=58"}],"curies":[{"name":"wp","href":"https:\/\/api.w.org\/{rel}","templated":true}]}}